{"id":12,"date":"2023-06-19T00:57:32","date_gmt":"2023-06-18T22:57:32","guid":{"rendered":"https:\/\/hotelelpirojesolo.com\/?page_id=3"},"modified":"2025-02-07T11:12:59","modified_gmt":"2025-02-07T10:12:59","slug":"privacy-policy","status":"publish","type":"page","link":"https:\/\/www.hotelelpirojesolo.com\/it\/privacy-policy\/","title":{"rendered":"Privacy Policy"},"content":{"rendered":"\n<h1 class=\"privacy-policy-h1\">Informativa sulla Privacy\n<br><span>Ultimo aggiornamento il 07-Feb-2025<\/span>\n<br><span>Data di entrata in vigore 07-Feb-2025<\/span>\n<\/h1>\n\n<p class=\"privacy-policy-p\">\n    La presente Informativa sulla Privacy descrive le politiche di\n\n    Villa Gestioni Srl,\n    Treviso, Viale G. Verdi 23\/E,\n    Treviso\n    31100,\n    Italia,\n    email: villa.gestioni@elpiro.com,\n    telefono: +390421971569\n\n    relative alla raccolta, all&#8217;uso e alla divulgazione delle informazioni che raccogliamo quando utilizzi il nostro sito web ( https:\/\/www.hotelelpirojesolo.com ).\n    (il \u201cServizio\u201d). Accedendo o utilizzando il Servizio, acconsenti alla raccolta, all&#8217;uso e alla divulgazione delle tue informazioni in conformit\u00e0 con la presente Informativa sulla Privacy. Se non acconsenti, ti preghiamo di non accedere o utilizzare il Servizio.\n<\/p>\n\n<p class=\"privacy-policy-p\">\n    Ci riserviamo il diritto di modificare la presente Informativa sulla Privacy in qualsiasi momento, senza preavviso, e di pubblicare l\u2019Informativa aggiornata sul Servizio. L\u2019Informativa aggiornata diventer\u00e0 efficace 180 giorni dopo la sua pubblicazione sul Servizio e il tuo accesso o utilizzo continuato del Servizio dopo tale periodo costituir\u00e0 la tua accettazione della nuova Informativa sulla Privacy. Pertanto, ti consigliamo di consultare periodicamente questa pagina.\n<\/p>\n\n<ol class=\"privacy-policy-ol\">\n    <li>\n        <h2 class=\"privacy-policy-h2\">\n            Informazioni che raccogliamo:\n        <\/h2>\n        <p class=\"privacy-policy-p\">\n            Raccoglieremo e tratteremo le seguenti informazioni personali su di te:\n        <\/p>\n        <ol class=\"privacy-policy-ol\">\n            <li>Nome<\/li>\n            <li>Email<\/li>\n            <li>Cellulare<\/li>\n        <\/ol>\n    <\/li>\n\n    <li>\n        <h2 class=\"privacy-policy-h2\">\n            Come utilizziamo le tue informazioni:\n        <\/h2>\n        <p class=\"privacy-policy-p\">\n            Utilizzeremo le informazioni che raccogliamo su di te per i seguenti scopi:\n        <\/p>\n        <ol class=\"privacy-policy-ol\">\n            <li>Marketing\/Promozione<\/li>\n            <li>Gestione degli ordini dei clienti<\/li>\n        <\/ol>\n        <p class=\"privacy-policy-p\">\n            Se desideriamo utilizzare le tue informazioni per altri scopi, ti chiederemo il consenso e le utilizzeremo solo dopo aver ricevuto il tuo consenso e esclusivamente per lo scopo (o gli scopi) per cui hai acconsentito, salvo diversa disposizione di legge.\n        <\/p>\n    <\/li>\n\n    <li>\n        <h2 class=\"privacy-policy-h2\">\n            Come condividiamo le tue informazioni:\n        <\/h2>\n        <p class=\"privacy-policy-p\">\n            Non trasferiremo le tue informazioni personali a terze parti senza il tuo consenso, salvo in circostanze limitate come descritto di seguito:\n        <\/p>\n        <ol class=\"privacy-policy-ol\">\n            <li>Analisi<\/li>\n        <\/ol>\n        <p class=\"privacy-policy-p\">\n            Richiediamo a tali terze parti di utilizzare le informazioni personali che trasferiamo loro esclusivamente per lo scopo per cui sono state trasferite e di non conservarle per un periodo superiore a quanto necessario per il conseguimento di tale scopo.\n        <\/p>\n        <p class=\"privacy-policy-p\">\n            Potremmo inoltre divulgare le tue informazioni personali per le seguenti ragioni: (1) per adempiere a leggi, regolamenti, ordinanze giudiziarie o altri procedimenti legali applicabili; (2) per far rispettare gli accordi stipulati con noi, inclusa la presente Informativa sulla Privacy; o (3) per rispondere a reclami secondo cui il tuo utilizzo del Servizio violerebbe i diritti di terzi. Qualora il Servizio o la nostra societ\u00e0 dovessero essere fusi o acquisiti da un&#8217;altra azienda, le tue informazioni saranno uno degli asset trasferiti al nuovo proprietario.\n        <\/p>\n    <\/li>\n\n    <li>\n        <h2 class=\"privacy-policy-h2\">\n            Conservazione delle tue informazioni:\n        <\/h2>\n        <p class=\"privacy-policy-p\">\n            Conserveremo le tue informazioni personali per un periodo compreso tra 90 giorni e 2 anni dopo la chiusura del tuo account, o per tutto il tempo necessario a soddisfare gli scopi per cui sono state raccolte, come dettagliato nella presente Informativa sulla Privacy. Potremmo essere obbligati a conservare alcune informazioni per periodi pi\u00f9 lunghi, ad esempio per la tenuta dei registri o per la reportistica in conformit\u00e0 con la legge applicabile o per altri motivi legittimi, come l&#8217;applicazione dei diritti legali o la prevenzione delle frodi. Le informazioni residue anonime e quelle aggregate, che non consentono di identificarti (direttamente o indirettamente), potranno essere conservate indefinitamente.\n        <\/p>\n    <\/li>\n\n    <li>\n        <h2 class=\"privacy-policy-h2\">\n            I tuoi diritti:\n        <\/h2>\n        <p class=\"privacy-policy-p\">\n            A seconda della normativa applicabile, potresti avere il diritto di accedere ai tuoi dati personali, di rettificarli o cancellarli, di ricevere una copia dei tuoi dati personali, di limitarne o opporsi al loro trattamento, di chiedere che le tue informazioni personali vengano trasferite (portabilit\u00e0) a un&#8217;altra entit\u00e0, di revocare qualsiasi consenso ci hai fornito per il trattamento dei tuoi dati, nonch\u00e9 il diritto di presentare un reclamo presso un&#8217;autorit\u00e0 competente e altri diritti previsti dalla legge. Per esercitare tali diritti, puoi scriverci all&#8217;indirizzo villa.gestioni@elpiro.com. Risponderemo alla tua richiesta in conformit\u00e0 con la normativa applicabile.\n        <\/p>\n        <p class=\"privacy-policy-p\">\n            Puoi rinunciare alle comunicazioni di marketing diretto o al profiling che effettuiamo per scopi di marketing scrivendoci a villa.gestioni@elpiro.com.\n        <\/p>\n        <p class=\"privacy-policy-p\">\n            Tieni presente che se non ci consenti di raccogliere o trattare le informazioni personali richieste o se revoci il consenso al loro trattamento per gli scopi richiesti, potresti non essere in grado di accedere o utilizzare i servizi per i quali le tue informazioni sono state richieste.\n        <\/p>\n    <\/li>\n\n    <li>\n        <h2 class=\"privacy-policy-h2\">\n            Cookie, ecc.\n        <\/h2>\n        <p class=\"privacy-policy-p\">\n            Per saperne di pi\u00f9 su come utilizziamo queste tecnologie e sulle opzioni a tua disposizione in merito al tracciamento, consulta la nostra <a href=\"\/it\/cookie-policy\/\">Cookie Policy.<\/a>\n        <\/p>\n    <\/li>\n\n    <li>\n        <h2 class=\"privacy-policy-h2\">\n            Sicurezza:\n        <\/h2>\n        <p class=\"privacy-policy-p\">\n            La sicurezza delle tue informazioni \u00e8 importante per noi e adotteremo misure di sicurezza ragionevoli per prevenire la perdita, l&#8217;uso improprio o l&#8217;alterazione non autorizzata delle tue informazioni sotto il nostro controllo. Tuttavia, data la natura intrinseca dei rischi, non possiamo garantire una sicurezza assoluta e, di conseguenza, non possiamo assicurare o garantire la sicurezza di alcuna informazione che ci trasmetti, e lo fai a tuo rischio.\n        <\/p>\n    <\/li>\n\n    <li>\n        <h2 class=\"privacy-policy-h2\">\n            Responsabile dei reclami \/ Protezione dei dati:\n        <\/h2>\n        <p class=\"privacy-policy-p\">\n            Se hai domande o preoccupazioni riguardanti il trattamento delle tue informazioni da parte nostra, puoi inviare un&#8217;email al nostro Responsabile dei reclami presso Villa Gestioni Srl, Treviso, Viale G. Verdi 23\/E, email: villa.gestioni@elpiro.com. Risponderemo alle tue preoccupazioni in conformit\u00e0 con la normativa applicabile.\n        <\/p>\n    <\/li>\n<\/ol>\n","protected":false},"excerpt":{"rendered":"<p>Informativa sulla Privacy Ultimo aggiornamento il 07-Feb-2025 Data di entrata in vigore 07-Feb-2025 La presente Informativa sulla Privacy descrive le politiche di Villa Gestioni Srl, Treviso, Viale G. Verdi 23\/E, Treviso 31100, Italia, email: villa.gestioni@elpiro.com, telefono: +390421971569 relative alla raccolta, all&#8217;uso e alla divulgazione delle informazioni che raccogliamo quando utilizzi il nostro sito web ( [&hellip;]<\/p>\n","protected":false},"author":1,"featured_media":0,"parent":0,"menu_order":0,"comment_status":"closed","ping_status":"closed","template":"","meta":{"_acf_changed":false,"ocean_post_layout":"","ocean_both_sidebars_style":"","ocean_both_sidebars_content_width":0,"ocean_both_sidebars_sidebars_width":0,"ocean_sidebar":"","ocean_second_sidebar":"","ocean_disable_margins":"enable","ocean_add_body_class":"","ocean_shortcode_before_top_bar":"","ocean_shortcode_after_top_bar":"","ocean_shortcode_before_header":"","ocean_shortcode_after_header":"","ocean_has_shortcode":"","ocean_shortcode_after_title":"","ocean_shortcode_before_footer_widgets":"","ocean_shortcode_after_footer_widgets":"","ocean_shortcode_before_footer_bottom":"","ocean_shortcode_after_footer_bottom":"","ocean_display_top_bar":"default","ocean_display_header":"default","ocean_header_style":"","ocean_center_header_left_menu":"","ocean_custom_header_template":"","ocean_custom_logo":0,"ocean_custom_retina_logo":0,"ocean_custom_logo_max_width":0,"ocean_custom_logo_tablet_max_width":0,"ocean_custom_logo_mobile_max_width":0,"ocean_custom_logo_max_height":0,"ocean_custom_logo_tablet_max_height":0,"ocean_custom_logo_mobile_max_height":0,"ocean_header_custom_menu":"","ocean_menu_typo_font_family":"","ocean_menu_typo_font_subset":"","ocean_menu_typo_font_size":0,"ocean_menu_typo_font_size_tablet":0,"ocean_menu_typo_font_size_mobile":0,"ocean_menu_typo_font_size_unit":"px","ocean_menu_typo_font_weight":"","ocean_menu_typo_font_weight_tablet":"","ocean_menu_typo_font_weight_mobile":"","ocean_menu_typo_transform":"","ocean_menu_typo_transform_tablet":"","ocean_menu_typo_transform_mobile":"","ocean_menu_typo_line_height":0,"ocean_menu_typo_line_height_tablet":0,"ocean_menu_typo_line_height_mobile":0,"ocean_menu_typo_line_height_unit":"","ocean_menu_typo_spacing":0,"ocean_menu_typo_spacing_tablet":0,"ocean_menu_typo_spacing_mobile":0,"ocean_menu_typo_spacing_unit":"","ocean_menu_link_color":"","ocean_menu_link_color_hover":"","ocean_menu_link_color_active":"","ocean_menu_link_background":"","ocean_menu_link_hover_background":"","ocean_menu_link_active_background":"","ocean_menu_social_links_bg":"","ocean_menu_social_hover_links_bg":"","ocean_menu_social_links_color":"","ocean_menu_social_hover_links_color":"","ocean_disable_title":"default","ocean_disable_heading":"default","ocean_post_title":"","ocean_post_subheading":"","ocean_post_title_style":"","ocean_post_title_background_color":"","ocean_post_title_background":0,"ocean_post_title_bg_image_position":"","ocean_post_title_bg_image_attachment":"","ocean_post_title_bg_image_repeat":"","ocean_post_title_bg_image_size":"","ocean_post_title_height":0,"ocean_post_title_bg_overlay":0.5,"ocean_post_title_bg_overlay_color":"","ocean_disable_breadcrumbs":"default","ocean_breadcrumbs_color":"","ocean_breadcrumbs_separator_color":"","ocean_breadcrumbs_links_color":"","ocean_breadcrumbs_links_hover_color":"","ocean_display_footer_widgets":"default","ocean_display_footer_bottom":"default","ocean_custom_footer_template":"","osh_disable_topbar_sticky":"default","osh_disable_header_sticky":"default","osh_sticky_header_style":"default","osh_sticky_header_effect":"","osh_custom_sticky_logo":0,"osh_custom_retina_sticky_logo":0,"osh_custom_sticky_logo_height":0,"osh_background_color":"","osh_links_color":"","osh_links_hover_color":"","osh_links_active_color":"","osh_links_bg_color":"","osh_links_hover_bg_color":"","osh_links_active_bg_color":"","osh_menu_social_links_color":"","osh_menu_social_hover_links_color":"","footnotes":""},"class_list":["post-12","page","type-page","status-publish","hentry","entry"],"acf":[],"_links":{"self":[{"href":"https:\/\/www.hotelelpirojesolo.com\/it\/wp-json\/wp\/v2\/pages\/12","targetHints":{"allow":["GET"]}}],"collection":[{"href":"https:\/\/www.hotelelpirojesolo.com\/it\/wp-json\/wp\/v2\/pages"}],"about":[{"href":"https:\/\/www.hotelelpirojesolo.com\/it\/wp-json\/wp\/v2\/types\/page"}],"author":[{"embeddable":true,"href":"https:\/\/www.hotelelpirojesolo.com\/it\/wp-json\/wp\/v2\/users\/1"}],"replies":[{"embeddable":true,"href":"https:\/\/www.hotelelpirojesolo.com\/it\/wp-json\/wp\/v2\/comments?post=12"}],"version-history":[{"count":0,"href":"https:\/\/www.hotelelpirojesolo.com\/it\/wp-json\/wp\/v2\/pages\/12\/revisions"}],"wp:attachment":[{"href":"https:\/\/www.hotelelpirojesolo.com\/it\/wp-json\/wp\/v2\/media?parent=12"}],"curies":[{"name":"wp","href":"https:\/\/api.w.org\/{rel}","templated":true}]}}